{"id":10,"date":"2018-03-21T19:17:40","date_gmt":"2018-03-21T18:17:40","guid":{"rendered":"http:\/\/felekov.sk\/?page_id=10"},"modified":"2026-01-04T20:54:21","modified_gmt":"2026-01-04T19:54:21","slug":"katalogy","status":"publish","type":"page","link":"https:\/\/felekov.sk\/","title":{"rendered":"Produkty"},"content":{"rendered":"\n<h2 class=\"wp-block-heading\"><a href=\"https:\/\/felekov.sk\/?page_id=284\">Ochrann\u00e9 plastov\u00e9 a kovov\u00e9 flexibiln\u00e9 hadice a pevn\u00e9 trubky<\/a><\/h2>\n\n\n\n<div class=\"wp-block-media-text alignwide is-stacked-on-mobile\"><figure class=\"wp-block-media-text__media\"><img loading=\"lazy\" decoding=\"async\" width=\"1024\" height=\"494\" src=\"https:\/\/felekov.sk\/wp-content\/uploads\/2019\/01\/hadice-1024x494.jpg\" alt=\"\" class=\"wp-image-159 size-full\" srcset=\"https:\/\/felekov.sk\/wp-content\/uploads\/2019\/01\/hadice-1024x494.jpg 1024w, https:\/\/felekov.sk\/wp-content\/uploads\/2019\/01\/hadice-300x145.jpg 300w, https:\/\/felekov.sk\/wp-content\/uploads\/2019\/01\/hadice-768x371.jpg 768w, https:\/\/felekov.sk\/wp-content\/uploads\/2019\/01\/hadice.jpg 1450w\" sizes=\"(max-width: 1024px) 100vw, 1024px\" \/><\/figure><div class=\"wp-block-media-text__content\">\n<ul class=\"wp-block-list\">\n<li>FLEXA&nbsp;&nbsp;&nbsp;&nbsp;&nbsp;&nbsp;&nbsp;&nbsp;&nbsp;&nbsp;&nbsp; www.flexa.de<\/li>\n\n\n\n<li>INTERFLEX&nbsp;&nbsp; www.interflex.es<\/li>\n\n\n\n<li>ANAMET&nbsp;&nbsp;&nbsp;&nbsp;&nbsp;&nbsp;&nbsp; www.anameteurope.com<\/li>\n\n\n\n<li>LAGRA&nbsp;&nbsp;&nbsp;&nbsp;&nbsp;&nbsp;&nbsp;&nbsp;&nbsp;&nbsp;&nbsp; www.larga.de<\/li>\n<\/ul>\n\n\n\n<p><\/p>\n<\/div><\/div>\n\n\n\n<h2 class=\"wp-block-heading\"><a href=\"https:\/\/felekov.sk\/?page_id=313\">V\u00fdvodky<\/a><\/h2>\n\n\n\n<div class=\"wp-block-media-text alignwide is-stacked-on-mobile\"><figure class=\"wp-block-media-text__media\"><img loading=\"lazy\" decoding=\"async\" width=\"1024\" height=\"846\" src=\"https:\/\/felekov.sk\/wp-content\/uploads\/2019\/02\/v\u00fdvodky-1024x846.jpg\" alt=\"\" class=\"wp-image-192 size-full\" srcset=\"https:\/\/felekov.sk\/wp-content\/uploads\/2019\/02\/v\u00fdvodky-1024x846.jpg 1024w, https:\/\/felekov.sk\/wp-content\/uploads\/2019\/02\/v\u00fdvodky-300x248.jpg 300w, https:\/\/felekov.sk\/wp-content\/uploads\/2019\/02\/v\u00fdvodky-768x635.jpg 768w, https:\/\/felekov.sk\/wp-content\/uploads\/2019\/02\/v\u00fdvodky.jpg 1170w\" sizes=\"(max-width: 1024px) 100vw, 1024px\" \/><\/figure><div class=\"wp-block-media-text__content\">\n<ul class=\"wp-block-list\">\n<li>SOBB&nbsp;&nbsp;&nbsp;&nbsp;&nbsp;&nbsp;&nbsp;&nbsp;&nbsp; https:\/\/www.sobbeurope.com\/<\/li>\n\n\n\n<li>BIMED&nbsp;&nbsp;&nbsp;&nbsp;&nbsp;&nbsp; https:\/\/www.bimedteknik.com\/<\/li>\n\n\n\n<li>AGRO&nbsp;&nbsp;&nbsp;&nbsp;&nbsp;&nbsp;&nbsp; &nbsp;www.agro.ch<\/li>\n\n\n\n<li>PFLITSCH&nbsp; www.pflitsch.de<\/li>\n<\/ul>\n\n\n\n<p><\/p>\n<\/div><\/div>\n\n\n\n<h2 class=\"wp-block-heading\"><a href=\"https:\/\/felekov.sk\/?page_id=315\">Hlin\u00edkov\u00e9, polykarbon\u00e1tov\u00e9 a atexov\u00e9 krabice<\/a><\/h2>\n\n\n\n<div class=\"wp-block-media-text alignwide is-stacked-on-mobile\"><figure class=\"wp-block-media-text__media\"><img loading=\"lazy\" decoding=\"async\" width=\"800\" height=\"387\" src=\"https:\/\/felekov.sk\/wp-content\/uploads\/2019\/02\/o-NAS.jpg\" alt=\"\" class=\"wp-image-198 size-full\" srcset=\"https:\/\/felekov.sk\/wp-content\/uploads\/2019\/02\/o-NAS.jpg 800w, https:\/\/felekov.sk\/wp-content\/uploads\/2019\/02\/o-NAS-300x145.jpg 300w, https:\/\/felekov.sk\/wp-content\/uploads\/2019\/02\/o-NAS-768x372.jpg 768w\" sizes=\"(max-width: 800px) 100vw, 800px\" \/><\/figure><div class=\"wp-block-media-text__content\">\n<ul class=\"wp-block-list\">\n<li> RAYCHEM RPG&nbsp;&nbsp;&nbsp; https:\/\/aluein.com\/<\/li>\n\n\n\n<li>ABTECH&nbsp;&nbsp;&nbsp;&nbsp;&nbsp;&nbsp;&nbsp;&nbsp;&nbsp;&nbsp;&nbsp;&nbsp;&nbsp;&nbsp;&nbsp;&nbsp; https:\/\/www.abtech.co.uk\/<\/li>\n\n\n\n<li>ROSE&nbsp;&nbsp;&nbsp;&nbsp;&nbsp;&nbsp;&nbsp;&nbsp;&nbsp;&nbsp;&nbsp;&nbsp;&nbsp;&nbsp;&nbsp;&nbsp;&nbsp;&nbsp;&nbsp;&nbsp;&nbsp; https:\/\/www.rose-systemtechnik.com\/<\/li>\n\n\n\n<li>BOPLA&nbsp;&nbsp;&nbsp;&nbsp;&nbsp;&nbsp;&nbsp;&nbsp;&nbsp;&nbsp;&nbsp;&nbsp;&nbsp;&nbsp;&nbsp;&nbsp;&nbsp;&nbsp;&nbsp;www.bopla.de <\/li>\n<\/ul>\n\n\n\n<p><\/p>\n\n\n\n<p><\/p>\n<\/div><\/div>\n\n\n\n<h2 class=\"wp-block-heading\">Meden\u00e9 ploch\u00e9 a gu\u013eat\u00e9 vodi\u010de a lanka, prepojky<\/h2>\n\n\n\n<div class=\"wp-block-media-text alignwide is-stacked-on-mobile\"><figure class=\"wp-block-media-text__media\"><img loading=\"lazy\" decoding=\"async\" width=\"1024\" height=\"528\" src=\"https:\/\/felekov.sk\/wp-content\/uploads\/2019\/02\/druseidt-1024x528.jpg\" alt=\"\" class=\"wp-image-204 size-full\" srcset=\"https:\/\/felekov.sk\/wp-content\/uploads\/2019\/02\/druseidt-1024x528.jpg 1024w, https:\/\/felekov.sk\/wp-content\/uploads\/2019\/02\/druseidt-300x155.jpg 300w, https:\/\/felekov.sk\/wp-content\/uploads\/2019\/02\/druseidt-768x396.jpg 768w\" sizes=\"(max-width: 1024px) 100vw, 1024px\" \/><\/figure><div class=\"wp-block-media-text__content\">\n<ul class=\"wp-block-list\">\n<li>COREX<\/li>\n\n\n\n<li>DRUSEIDT<\/li>\n\n\n\n<li>ITALTRECCE<\/li>\n<\/ul>\n\n\n\n<p><\/p>\n<\/div><\/div>\n\n\n\n<h2 class=\"wp-block-heading\"><a href=\"https:\/\/felekov.sk\/?page_id=318\">Origin\u00e1lny multi-prestupov\u00fd syst\u00e9m pre kabely<\/a><\/h2>\n\n\n\n<div class=\"wp-block-media-text alignwide is-stacked-on-mobile\"><figure class=\"wp-block-media-text__media\"><img loading=\"lazy\" decoding=\"async\" width=\"652\" height=\"635\" src=\"https:\/\/felekov.sk\/wp-content\/uploads\/2019\/02\/icotek.png\" alt=\"\" class=\"wp-image-196 size-full\" srcset=\"https:\/\/felekov.sk\/wp-content\/uploads\/2019\/02\/icotek.png 652w, https:\/\/felekov.sk\/wp-content\/uploads\/2019\/02\/icotek-300x292.png 300w\" sizes=\"(max-width: 652px) 100vw, 652px\" \/><\/figure><div class=\"wp-block-media-text__content\">\n<ul class=\"wp-block-list\">\n<li>ICOTEK&nbsp;&nbsp;&nbsp;&nbsp;&nbsp; www.icotek.de<\/li>\n\n\n\n<li>HEBOTEC&nbsp; https:\/\/www.hebotec.de\/<\/li>\n\n\n\n<li>MCT BRATTBERG&nbsp;&nbsp; https:\/\/www.mctbrattberg.com\/<\/li>\n<\/ul>\n\n\n\n<p><\/p>\n<\/div><\/div>\n\n\n\n<h2 class=\"wp-block-heading\"><a href=\"https:\/\/felekov.sk\/?page_id=320\">Konektory pre stroje, arm\u00e1du, automatiz\u00e1ciu, roboty, testovanie<\/a><\/h2>\n\n\n\n<div class=\"wp-block-media-text alignwide is-stacked-on-mobile\"><figure class=\"wp-block-media-text__media\"><img loading=\"lazy\" decoding=\"async\" width=\"640\" height=\"480\" src=\"https:\/\/felekov.sk\/wp-content\/uploads\/2019\/01\/konektory.jpg\" alt=\"\" class=\"wp-image-167 size-full\" srcset=\"https:\/\/felekov.sk\/wp-content\/uploads\/2019\/01\/konektory.jpg 640w, https:\/\/felekov.sk\/wp-content\/uploads\/2019\/01\/konektory-300x225.jpg 300w\" sizes=\"(max-width: 640px) 100vw, 640px\" \/><\/figure><div class=\"wp-block-media-text__content\">\n<ul class=\"wp-block-list\">\n<li>HARTING&nbsp;&nbsp;&nbsp;&nbsp;&nbsp;&nbsp;&nbsp;&nbsp;&nbsp;&nbsp;&nbsp;&nbsp;&nbsp;&nbsp;&nbsp;&nbsp; &nbsp;www.harting.de<\/li>\n\n\n\n<li>WESTEC &#8211; MOLEX&nbsp; &nbsp;https:\/\/www.molex.com\/molex\/home<\/li>\n<\/ul>\n\n\n\n<p><\/p>\n<\/div><\/div>\n\n\n\n<h2 class=\"wp-block-heading\">Rozv\u00e1dza\u010dov\u00e9 skrine<\/h2>\n\n\n\n<div class=\"wp-block-media-text alignwide is-stacked-on-mobile\"><figure class=\"wp-block-media-text__media\"><img loading=\"lazy\" decoding=\"async\" width=\"1024\" height=\"1024\" src=\"https:\/\/felekov.sk\/wp-content\/uploads\/2019\/02\/ETA_ENUX_TR01_300dpi-1024x1024.jpg\" alt=\"\" class=\"wp-image-199 size-full\" srcset=\"https:\/\/felekov.sk\/wp-content\/uploads\/2019\/02\/ETA_ENUX_TR01_300dpi-1024x1024.jpg 1024w, https:\/\/felekov.sk\/wp-content\/uploads\/2019\/02\/ETA_ENUX_TR01_300dpi-150x150.jpg 150w, https:\/\/felekov.sk\/wp-content\/uploads\/2019\/02\/ETA_ENUX_TR01_300dpi-300x300.jpg 300w, https:\/\/felekov.sk\/wp-content\/uploads\/2019\/02\/ETA_ENUX_TR01_300dpi-768x768.jpg 768w\" sizes=\"(max-width: 1024px) 100vw, 1024px\" \/><\/figure><div class=\"wp-block-media-text__content\">\n<ul class=\"wp-block-list\">\n<li>ETA&nbsp;&nbsp;&nbsp;&nbsp;&nbsp;&nbsp;&nbsp;&nbsp; &nbsp;www.eta.it<\/li>\n\n\n\n<li>CONTEG&nbsp; www.conteg.cz<\/li>\n<\/ul>\n\n\n\n<p><\/p>\n<\/div><\/div>\n\n\n\n<h2 class=\"wp-block-heading\"><a href=\"https:\/\/felekov.sk\/?page_id=322\">Klimatiza\u010dn\u00e9 jednotky a filtry pre priemysel<\/a><\/h2>\n\n\n\n<div class=\"wp-block-media-text alignwide is-stacked-on-mobile\"><figure class=\"wp-block-media-text__media\"><img loading=\"lazy\" decoding=\"async\" width=\"520\" height=\"402\" src=\"https:\/\/felekov.sk\/wp-content\/uploads\/2019\/01\/filtre.jpg\" alt=\"\" class=\"wp-image-174 size-full\" srcset=\"https:\/\/felekov.sk\/wp-content\/uploads\/2019\/01\/filtre.jpg 520w, https:\/\/felekov.sk\/wp-content\/uploads\/2019\/01\/filtre-300x232.jpg 300w\" sizes=\"(max-width: 520px) 100vw, 520px\" \/><\/figure><div class=\"wp-block-media-text__content\">\n<ul class=\"wp-block-list\">\n<li>COSMOTECH<\/li>\n\n\n\n<li>STEGO<\/li>\n<\/ul>\n\n\n\n<p><\/p>\n<\/div><\/div>\n\n\n\n<h2 class=\"wp-block-heading\">Ventil\u00e1tory<\/h2>\n\n\n\n<div class=\"wp-block-media-text alignwide is-stacked-on-mobile\"><figure class=\"wp-block-media-text__media\"><img loading=\"lazy\" decoding=\"async\" width=\"809\" height=\"393\" src=\"https:\/\/felekov.sk\/wp-content\/uploads\/2019\/02\/ALFA15-ALFA16-immagine.png\" alt=\"\" class=\"wp-image-200 size-full\" srcset=\"https:\/\/felekov.sk\/wp-content\/uploads\/2019\/02\/ALFA15-ALFA16-immagine.png 809w, https:\/\/felekov.sk\/wp-content\/uploads\/2019\/02\/ALFA15-ALFA16-immagine-300x146.png 300w, https:\/\/felekov.sk\/wp-content\/uploads\/2019\/02\/ALFA15-ALFA16-immagine-768x373.png 768w\" sizes=\"(max-width: 809px) 100vw, 809px\" \/><\/figure><div class=\"wp-block-media-text__content\">\n<ul class=\"wp-block-list\">\n<li>ALFA ELECTRIC<\/li>\n<\/ul>\n<\/div><\/div>\n\n\n\n<h2 class=\"wp-block-heading\"><a href=\"https:\/\/felekov.sk\/?page_id=324\">Nap\u00e1jacie zdroje<\/a><\/h2>\n\n\n\n<div class=\"wp-block-media-text alignwide is-stacked-on-mobile\"><figure class=\"wp-block-media-text__media\"><img loading=\"lazy\" decoding=\"async\" width=\"1024\" height=\"1024\" src=\"https:\/\/felekov.sk\/wp-content\/uploads\/2019\/02\/meanwell-1024x1024.jpg\" alt=\"\" class=\"wp-image-201 size-full\" srcset=\"https:\/\/felekov.sk\/wp-content\/uploads\/2019\/02\/meanwell-1024x1024.jpg 1024w, https:\/\/felekov.sk\/wp-content\/uploads\/2019\/02\/meanwell-150x150.jpg 150w, https:\/\/felekov.sk\/wp-content\/uploads\/2019\/02\/meanwell-300x300.jpg 300w, https:\/\/felekov.sk\/wp-content\/uploads\/2019\/02\/meanwell-768x768.jpg 768w, https:\/\/felekov.sk\/wp-content\/uploads\/2019\/02\/meanwell.jpg 1600w\" sizes=\"(max-width: 1024px) 100vw, 1024px\" \/><\/figure><div class=\"wp-block-media-text__content\">\n<ul class=\"wp-block-list\">\n<li>MEAN WELL&nbsp;&nbsp; www.meanwell.com<\/li>\n<\/ul>\n<\/div><\/div>\n\n\n\n<h2 class=\"wp-block-heading\"><\/h2>\n\n\n\n<h2 class=\"wp-block-heading\">Spojky<\/h2>\n\n\n\n<div class=\"wp-block-media-text alignwide is-stacked-on-mobile\"><figure class=\"wp-block-media-text__media\"><img loading=\"lazy\" decoding=\"async\" width=\"225\" height=\"225\" src=\"https:\/\/felekov.sk\/wp-content\/uploads\/2019\/01\/TECHNO.jpg\" alt=\"\" class=\"wp-image-185 size-full\" srcset=\"https:\/\/felekov.sk\/wp-content\/uploads\/2019\/01\/TECHNO.jpg 225w, https:\/\/felekov.sk\/wp-content\/uploads\/2019\/01\/TECHNO-150x150.jpg 150w\" sizes=\"(max-width: 225px) 100vw, 225px\" \/><\/figure><div class=\"wp-block-media-text__content\">\n<ul class=\"wp-block-list\">\n<li>TECHNO<\/li>\n<\/ul>\n<\/div><\/div>\n\n\n\n<h2 class=\"wp-block-heading\"><a href=\"https:\/\/felekov.sk\/?page_id=326\">\u0160peci\u00e1lne k\u00e1ble<\/a><\/h2>\n\n\n\n<div class=\"wp-block-media-text alignwide is-stacked-on-mobile\"><figure class=\"wp-block-media-text__media\"><img loading=\"lazy\" decoding=\"async\" width=\"496\" height=\"1024\" src=\"https:\/\/felekov.sk\/wp-content\/uploads\/2019\/02\/helukabel-496x1024.jpg\" alt=\"\" class=\"wp-image-203 size-full\" srcset=\"https:\/\/felekov.sk\/wp-content\/uploads\/2019\/02\/helukabel-496x1024.jpg 496w, https:\/\/felekov.sk\/wp-content\/uploads\/2019\/02\/helukabel-145x300.jpg 145w, https:\/\/felekov.sk\/wp-content\/uploads\/2019\/02\/helukabel-768x1586.jpg 768w, https:\/\/felekov.sk\/wp-content\/uploads\/2019\/02\/helukabel.jpg 2002w\" sizes=\"(max-width: 496px) 100vw, 496px\" \/><\/figure><div class=\"wp-block-media-text__content\">\n<ul class=\"wp-block-list\">\n<li>LEONI&nbsp;&nbsp;&nbsp;&nbsp;&nbsp;&nbsp;&nbsp;&nbsp;&nbsp;&nbsp;&nbsp;&nbsp;&nbsp;&nbsp;&nbsp; &nbsp;&nbsp; www.leoni.com<\/li>\n\n\n\n<li>HELUKABEL&nbsp;&nbsp;&nbsp;&nbsp;&nbsp;&nbsp; www.helukabel.com<\/li>\n\n\n\n<li>HUBBER SUHNER&nbsp; www.hubersuhner.com<\/li>\n<\/ul>\n\n\n\n<p><\/p>\n<\/div><\/div>\n\n\n\n<h2 class=\"wp-block-heading\">Nerezov\u00e9 s\u0165ahovacie p\u00e1sky s epoxidov\u00fdm povrchom<\/h2>\n\n\n\n<p>Nerezov\u00e9 s\u0165ahovacie p\u00e1sky s epoxidov\u00fdm povrchom<\/p>\n\n\n\n<p><\/p>\n","protected":false},"excerpt":{"rendered":"<p>Ochrann\u00e9 plastov\u00e9 a kovov\u00e9 flexibiln\u00e9 hadice a pevn\u00e9 trubky V\u00fdvodky Hlin\u00edkov\u00e9, polykarbon\u00e1tov\u00e9 a atexov\u00e9 krabice Meden\u00e9 ploch\u00e9 a gu\u013eat\u00e9 vodi\u010de a lanka, prepojky Origin\u00e1lny multi-prestupov\u00fd syst\u00e9m pre kabely Konektory pre stroje, arm\u00e1du, automatiz\u00e1ciu, roboty, testovanie Rozv\u00e1dza\u010dov\u00e9 skrine Klimatiza\u010dn\u00e9 jednotky a filtry pre priemysel Ventil\u00e1tory Nap\u00e1jacie zdroje Spojky \u0160peci\u00e1lne k\u00e1ble Nerezov\u00e9 s\u0165ahovacie p\u00e1sky s epoxidov\u00fdm povrchom [&hellip;]<\/p>\n","protected":false},"author":1,"featured_media":0,"parent":0,"menu_order":0,"comment_status":"closed","ping_status":"closed","template":"","meta":{"_monsterinsights_skip_tracking":false,"_monsterinsights_sitenote_active":false,"_monsterinsights_sitenote_note":"","_monsterinsights_sitenote_category":0,"footnotes":""},"class_list":["post-10","page","type-page","status-publish","hentry"],"yoast_head":"<!-- This site is optimized with the Yoast SEO plugin v23.3 - https:\/\/yoast.com\/wordpress\/plugins\/seo\/ -->\n<title>vyvodky, ochranne kovove a plastove hadice, napajacie zdroje, medene lanka, kable, rozvadzacove skrine, hlinikove krabice, polykarbonatove krabice<\/title>\n<meta name=\"description\" content=\"AGRO vyvodky, BIMED vyvodky, ICOTEK, napajacie zdroje MEAN WELL, medene ploche a gulate a lanka COREX, rozvadzacove skrine, kable HELUKABEL, PRYSMIAN, SCHMERSAL, ochranne kovove a plastove flexibilne hadice, FLEXA, INTERFLEX, ANNAMET, REIKU, LAGRA, chrani\u010dky hlinikove krabice, polykarbonatove krabice, ABTECH, MULTIBOX, RAYCHEM,Flexa hadice, Agro,\" \/>\n<meta name=\"robots\" content=\"index, follow, max-snippet:-1, max-image-preview:large, max-video-preview:-1\" \/>\n<link rel=\"canonical\" href=\"https:\/\/felekov.sk\/\" \/>\n<meta property=\"og:locale\" content=\"sk_SK\" \/>\n<meta property=\"og:type\" content=\"article\" \/>\n<meta property=\"og:title\" content=\"vyvodky, ochranne kovove a plastove hadice, napajacie zdroje, medene lanka, kable, rozvadzacove skrine, hlinikove krabice, polykarbonatove krabice\" \/>\n<meta property=\"og:description\" content=\"AGRO vyvodky, BIMED vyvodky, ICOTEK, napajacie zdroje MEAN WELL, medene ploche a gulate a lanka COREX, rozvadzacove skrine, kable HELUKABEL, PRYSMIAN, SCHMERSAL, ochranne kovove a plastove flexibilne hadice, FLEXA, INTERFLEX, ANNAMET, REIKU, LAGRA, chrani\u010dky hlinikove krabice, polykarbonatove krabice, ABTECH, MULTIBOX, RAYCHEM,Flexa hadice, Agro,\" \/>\n<meta property=\"og:url\" content=\"https:\/\/felekov.sk\/\" \/>\n<meta property=\"og:site_name\" content=\"felekov.sk\" \/>\n<meta property=\"article:modified_time\" content=\"2026-01-04T19:54:21+00:00\" \/>\n<meta property=\"og:image\" content=\"https:\/\/felekov.sk\/wp-content\/uploads\/2019\/01\/hadice-1024x494.jpg\" \/>\n<meta name=\"twitter:card\" content=\"summary_large_image\" \/>\n<meta name=\"twitter:label1\" content=\"Predpokladan\u00fd \u010das \u010d\u00edtania\" \/>\n\t<meta name=\"twitter:data1\" content=\"4 min\u00faty\" \/>\n<script type=\"application\/ld+json\" class=\"yoast-schema-graph\">{\"@context\":\"https:\/\/schema.org\",\"@graph\":[{\"@type\":\"WebPage\",\"@id\":\"https:\/\/felekov.sk\/\",\"url\":\"https:\/\/felekov.sk\/\",\"name\":\"vyvodky, ochranne kovove a plastove hadice, napajacie zdroje, medene lanka, kable, rozvadzacove skrine, hlinikove krabice, polykarbonatove krabice\",\"isPartOf\":{\"@id\":\"https:\/\/felekov.sk\/#website\"},\"primaryImageOfPage\":{\"@id\":\"https:\/\/felekov.sk\/#primaryimage\"},\"image\":{\"@id\":\"https:\/\/felekov.sk\/#primaryimage\"},\"thumbnailUrl\":\"https:\/\/felekov.sk\/wp-content\/uploads\/2019\/01\/hadice-1024x494.jpg\",\"datePublished\":\"2018-03-21T18:17:40+00:00\",\"dateModified\":\"2026-01-04T19:54:21+00:00\",\"description\":\"AGRO vyvodky, BIMED vyvodky, ICOTEK, napajacie zdroje MEAN WELL, medene ploche a gulate a lanka COREX, rozvadzacove skrine, kable HELUKABEL, PRYSMIAN, SCHMERSAL, ochranne kovove a plastove flexibilne hadice, FLEXA, INTERFLEX, ANNAMET, REIKU, LAGRA, chrani\u010dky hlinikove krabice, polykarbonatove krabice, ABTECH, MULTIBOX, RAYCHEM,Flexa hadice, Agro,\",\"breadcrumb\":{\"@id\":\"https:\/\/felekov.sk\/#breadcrumb\"},\"inLanguage\":\"sk-SK\",\"potentialAction\":[{\"@type\":\"ReadAction\",\"target\":[\"https:\/\/felekov.sk\/\"]}]},{\"@type\":\"ImageObject\",\"inLanguage\":\"sk-SK\",\"@id\":\"https:\/\/felekov.sk\/#primaryimage\",\"url\":\"https:\/\/felekov.sk\/wp-content\/uploads\/2019\/01\/hadice.jpg\",\"contentUrl\":\"https:\/\/felekov.sk\/wp-content\/uploads\/2019\/01\/hadice.jpg\",\"width\":1450,\"height\":700},{\"@type\":\"BreadcrumbList\",\"@id\":\"https:\/\/felekov.sk\/#breadcrumb\",\"itemListElement\":[{\"@type\":\"ListItem\",\"position\":1,\"name\":\"Home\",\"item\":\"https:\/\/felekov.sk\/\"},{\"@type\":\"ListItem\",\"position\":2,\"name\":\"Produkty\"}]},{\"@type\":\"WebSite\",\"@id\":\"https:\/\/felekov.sk\/#website\",\"url\":\"https:\/\/felekov.sk\/\",\"name\":\"felekov.sk\",\"description\":\"\",\"potentialAction\":[{\"@type\":\"SearchAction\",\"target\":{\"@type\":\"EntryPoint\",\"urlTemplate\":\"https:\/\/felekov.sk\/?s={search_term_string}\"},\"query-input\":\"required name=search_term_string\"}],\"inLanguage\":\"sk-SK\"}]}<\/script>\n<!-- \/ Yoast SEO plugin. -->","yoast_head_json":{"title":"vyvodky, ochranne kovove a plastove hadice, napajacie zdroje, medene lanka, kable, rozvadzacove skrine, hlinikove krabice, polykarbonatove krabice","description":"AGRO vyvodky, BIMED vyvodky, ICOTEK, napajacie zdroje MEAN WELL, medene ploche a gulate a lanka COREX, rozvadzacove skrine, kable HELUKABEL, PRYSMIAN, SCHMERSAL, ochranne kovove a plastove flexibilne hadice, FLEXA, INTERFLEX, ANNAMET, REIKU, LAGRA, chrani\u010dky hlinikove krabice, polykarbonatove krabice, ABTECH, MULTIBOX, RAYCHEM,Flexa hadice, Agro,","robots":{"index":"index","follow":"follow","max-snippet":"max-snippet:-1","max-image-preview":"max-image-preview:large","max-video-preview":"max-video-preview:-1"},"canonical":"https:\/\/felekov.sk\/","og_locale":"sk_SK","og_type":"article","og_title":"vyvodky, ochranne kovove a plastove hadice, napajacie zdroje, medene lanka, kable, rozvadzacove skrine, hlinikove krabice, polykarbonatove krabice","og_description":"AGRO vyvodky, BIMED vyvodky, ICOTEK, napajacie zdroje MEAN WELL, medene ploche a gulate a lanka COREX, rozvadzacove skrine, kable HELUKABEL, PRYSMIAN, SCHMERSAL, ochranne kovove a plastove flexibilne hadice, FLEXA, INTERFLEX, ANNAMET, REIKU, LAGRA, chrani\u010dky hlinikove krabice, polykarbonatove krabice, ABTECH, MULTIBOX, RAYCHEM,Flexa hadice, Agro,","og_url":"https:\/\/felekov.sk\/","og_site_name":"felekov.sk","article_modified_time":"2026-01-04T19:54:21+00:00","og_image":[{"url":"https:\/\/felekov.sk\/wp-content\/uploads\/2019\/01\/hadice-1024x494.jpg"}],"twitter_card":"summary_large_image","twitter_misc":{"Predpokladan\u00fd \u010das \u010d\u00edtania":"4 min\u00faty"},"schema":{"@context":"https:\/\/schema.org","@graph":[{"@type":"WebPage","@id":"https:\/\/felekov.sk\/","url":"https:\/\/felekov.sk\/","name":"vyvodky, ochranne kovove a plastove hadice, napajacie zdroje, medene lanka, kable, rozvadzacove skrine, hlinikove krabice, polykarbonatove krabice","isPartOf":{"@id":"https:\/\/felekov.sk\/#website"},"primaryImageOfPage":{"@id":"https:\/\/felekov.sk\/#primaryimage"},"image":{"@id":"https:\/\/felekov.sk\/#primaryimage"},"thumbnailUrl":"https:\/\/felekov.sk\/wp-content\/uploads\/2019\/01\/hadice-1024x494.jpg","datePublished":"2018-03-21T18:17:40+00:00","dateModified":"2026-01-04T19:54:21+00:00","description":"AGRO vyvodky, BIMED vyvodky, ICOTEK, napajacie zdroje MEAN WELL, medene ploche a gulate a lanka COREX, rozvadzacove skrine, kable HELUKABEL, PRYSMIAN, SCHMERSAL, ochranne kovove a plastove flexibilne hadice, FLEXA, INTERFLEX, ANNAMET, REIKU, LAGRA, chrani\u010dky hlinikove krabice, polykarbonatove krabice, ABTECH, MULTIBOX, RAYCHEM,Flexa hadice, Agro,","breadcrumb":{"@id":"https:\/\/felekov.sk\/#breadcrumb"},"inLanguage":"sk-SK","potentialAction":[{"@type":"ReadAction","target":["https:\/\/felekov.sk\/"]}]},{"@type":"ImageObject","inLanguage":"sk-SK","@id":"https:\/\/felekov.sk\/#primaryimage","url":"https:\/\/felekov.sk\/wp-content\/uploads\/2019\/01\/hadice.jpg","contentUrl":"https:\/\/felekov.sk\/wp-content\/uploads\/2019\/01\/hadice.jpg","width":1450,"height":700},{"@type":"BreadcrumbList","@id":"https:\/\/felekov.sk\/#breadcrumb","itemListElement":[{"@type":"ListItem","position":1,"name":"Home","item":"https:\/\/felekov.sk\/"},{"@type":"ListItem","position":2,"name":"Produkty"}]},{"@type":"WebSite","@id":"https:\/\/felekov.sk\/#website","url":"https:\/\/felekov.sk\/","name":"felekov.sk","description":"","potentialAction":[{"@type":"SearchAction","target":{"@type":"EntryPoint","urlTemplate":"https:\/\/felekov.sk\/?s={search_term_string}"},"query-input":"required name=search_term_string"}],"inLanguage":"sk-SK"}]}},"_links":{"self":[{"href":"https:\/\/felekov.sk\/index.php?rest_route=\/wp\/v2\/pages\/10"}],"collection":[{"href":"https:\/\/felekov.sk\/index.php?rest_route=\/wp\/v2\/pages"}],"about":[{"href":"https:\/\/felekov.sk\/index.php?rest_route=\/wp\/v2\/types\/page"}],"author":[{"embeddable":true,"href":"https:\/\/felekov.sk\/index.php?rest_route=\/wp\/v2\/users\/1"}],"replies":[{"embeddable":true,"href":"https:\/\/felekov.sk\/index.php?rest_route=%2Fwp%2Fv2%2Fcomments&post=10"}],"version-history":[{"count":6,"href":"https:\/\/felekov.sk\/index.php?rest_route=\/wp\/v2\/pages\/10\/revisions"}],"predecessor-version":[{"id":351,"href":"https:\/\/felekov.sk\/index.php?rest_route=\/wp\/v2\/pages\/10\/revisions\/351"}],"wp:attachment":[{"href":"https:\/\/felekov.sk\/index.php?rest_route=%2Fwp%2Fv2%2Fmedia&parent=10"}],"curies":[{"name":"wp","href":"https:\/\/api.w.org\/{rel}","templated":true}]}}