{"id":313,"date":"2023-03-12T20:32:54","date_gmt":"2023-03-12T19:32:54","guid":{"rendered":"https:\/\/felekov.sk\/?page_id=313"},"modified":"2023-03-12T21:48:21","modified_gmt":"2023-03-12T20:48:21","slug":"vyvodky-2-alsi-304-vyvodky-alsi-316-vyvodky-agro-pflitsch-hugro-atex-emc-vyvodky-bimed-vyvodky-flexa","status":"publish","type":"page","link":"https:\/\/felekov.sk\/?page_id=313","title":{"rendered":"V\u00fdvodky"},"content":{"rendered":"\n<p>V na\u0161ej ponuke mo\u017eete n\u00e1js\u0165 k\u00e1blov\u00e9 v\u00fdvodky od r\u00f4zn\u00fdch v\u00fdrobcov.<\/p>\n\n\n\n<p>K\u00e1blov\u00e1 v\u00fdvodka&nbsp;je s\u00fa\u010diastka, ktor\u00e1 slu\u017e\u00ed k upevneniu elektrick\u00e9ho k\u00e1bla&nbsp;prech\u00e1dzaj\u00faceho stenou elektrick\u00e9ho zariadenia, alebo&nbsp;pr\u00edstroja. K\u00e1bel je v\u00fdvodkou pretiahnut\u00fd bez preru\u0161enia. &nbsp;Nejde teda o&nbsp;<a href=\"https:\/\/cs.wikipedia.org\/wiki\/Konektor_(elektrotechnika)\">konektorov\u00e9<\/a>&nbsp;alebo&nbsp;<a href=\"https:\/\/cs.wikipedia.org\/wiki\/Z%C3%A1suvka_(elektrotechnika)\">z\u00e1suvkov\u00e9<\/a>&nbsp;spojenie. V\u00fdvodka dr\u017e\u00ed k\u00e1bel v stabilnej polohe, br\u00e1ni po\u0161kodeniu pl\u00e1\u0161\u0165a k\u00e1bla o hrany otvorov v stene, od\u013eah\u010duje \u0165ah k\u00e1bla na&nbsp;<a href=\"https:\/\/cs.wikipedia.org\/wiki\/Svorka_(elektrotechnika)\">svorky<\/a>&nbsp;(kontakty) vo vn\u00fatri zariadenia &nbsp;a z\u00e1rove\u0148 utes\u0148uje priestor elektrick\u00e9ho pr\u00edstroja alebo zariadenia, \u010d\u00edm zabra\u0148uje &nbsp;vnikaniu prachu a vlhkosti.<\/p>\n\n\n\n<p>Vyr\u00e1baj\u00fa sa z materi\u00e1lu &#8211; &nbsp;polyamid, poniklovan\u00e1 mosadz a nerezov\u00e1 oce\u013e.<\/p>\n\n\n\n<p>Nerezov\u00e9 v\u00fdvodky a nerezov\u00e9 matice dr\u017e\u00edme skladom. V\u00fdvodky a matice pon\u00fakame v preveden\u00ed AlSi304, AlSi303 a AlSi316 . &nbsp;<\/p>\n\n\n\n<p>Ku k\u00e1blov\u00fdm v\u00fdvodk\u00e1m dod\u00e1vame kompletn\u00e9 pr\u00edslu\u0161enstvo \u2013 matice, z\u00e1slepky, z\u00e1tky,<\/p>\n\n\n\n<p>V na\u0161ej pon\u00fake m\u00e1me aj v\u00fdvodky &#8211; EX, EMC a v\u00fdvodky do v\u00fdbu\u0161n\u00e9ho prostredia ATEX-Ex.<\/p>\n\n\n\n<p>V\u00e4\u010d\u0161inu&nbsp; typov v\u00fdvodiek od polyamidov\u00fdch a\u017e po nerezov\u00e9 v\u00fdvodky dr\u017e\u00edme skladom.<\/p>\n\n\n\n<p>U niektor\u00fdch v\u00fdvodiek sa term\u00edn dodania mo\u017ee l\u00ed\u0161i\u0165, obvykle v\u0161ak b\u00fdva &nbsp;do 4 t\u00fd\u017ed\u0148ov.<\/p>\n\n\n\n<p>V na\u0161ej pon\u00fake m\u00f4\u017eete n\u00e1js\u0165 v\u00fdvodky od t\u00fdchto v\u00fdrobcov:<\/p>\n\n\n\n<ul class=\"wp-block-list\">\n<li>SOBB&nbsp;&nbsp;&nbsp;&nbsp;&nbsp;&nbsp;&nbsp;&nbsp;&nbsp; https:\/\/www.sobbeurope.com\/<\/li>\n\n\n\n<li>BIMED&nbsp;&nbsp;&nbsp;&nbsp;&nbsp;&nbsp; https:\/\/www.bimedteknik.com\/<\/li>\n\n\n\n<li>PFLITSCH&nbsp; www.pflitsch.de<\/li>\n\n\n\n<li>AGRO&nbsp;&nbsp;&nbsp;&nbsp;&nbsp;&nbsp;&nbsp; &nbsp;<a href=\"http:\/\/www.agro.ch\">www.agro.ch<\/a><\/li>\n\n\n\n<li>Hawke&nbsp;&nbsp;&nbsp;&nbsp;&nbsp;&nbsp;&nbsp;&nbsp; https:\/\/hubbellcdn.com<\/li>\n<\/ul>\n\n\n\n<ul class=\"wp-block-list\">\n<li><\/li>\n<\/ul>\n","protected":false},"excerpt":{"rendered":"<p>V na\u0161ej ponuke mo\u017eete n\u00e1js\u0165 k\u00e1blov\u00e9 v\u00fdvodky od r\u00f4zn\u00fdch v\u00fdrobcov. K\u00e1blov\u00e1 v\u00fdvodka&nbsp;je s\u00fa\u010diastka, ktor\u00e1 slu\u017e\u00ed k upevneniu elektrick\u00e9ho k\u00e1bla&nbsp;prech\u00e1dzaj\u00faceho stenou elektrick\u00e9ho zariadenia, alebo&nbsp;pr\u00edstroja. K\u00e1bel je v\u00fdvodkou pretiahnut\u00fd bez preru\u0161enia. &nbsp;Nejde teda o&nbsp;konektorov\u00e9&nbsp;alebo&nbsp;z\u00e1suvkov\u00e9&nbsp;spojenie. V\u00fdvodka dr\u017e\u00ed k\u00e1bel v stabilnej polohe, br\u00e1ni po\u0161kodeniu pl\u00e1\u0161\u0165a k\u00e1bla o hrany otvorov v stene, od\u013eah\u010duje \u0165ah k\u00e1bla na&nbsp;svorky&nbsp;(kontakty) vo vn\u00fatri zariadenia &nbsp;a [&hellip;]<\/p>\n","protected":false},"author":1,"featured_media":0,"parent":10,"menu_order":0,"comment_status":"closed","ping_status":"closed","template":"","meta":{"_monsterinsights_skip_tracking":false,"_monsterinsights_sitenote_active":false,"_monsterinsights_sitenote_note":"","_monsterinsights_sitenote_category":0,"footnotes":""},"class_list":["post-313","page","type-page","status-publish","hentry"],"yoast_head":"<!-- This site is optimized with the Yoast SEO plugin v23.3 - https:\/\/yoast.com\/wordpress\/plugins\/seo\/ -->\n<title>V\u00fdvodky - felekov.sk %<\/title>\n<meta name=\"description\" content=\"vyvodky-2, AlSi 304 v\u00fdvodky Alsi 316 v\u00fdvodky AGRO Pflitsch Hugro , nerezov\u00e9 v\u00fdvodky EMC v\u00fdvodky ATEX v\u00fdvodky BIMED v\u00fdvodky, Agro, Flexa\" \/>\n<meta name=\"robots\" content=\"index, follow, max-snippet:-1, max-image-preview:large, max-video-preview:-1\" \/>\n<link rel=\"canonical\" href=\"https:\/\/felekov.sk\/?page_id=313\" \/>\n<meta property=\"og:locale\" content=\"sk_SK\" \/>\n<meta property=\"og:type\" content=\"article\" \/>\n<meta property=\"og:title\" content=\"V\u00fdvodky - felekov.sk %\" \/>\n<meta property=\"og:description\" content=\"vyvodky-2, AlSi 304 v\u00fdvodky Alsi 316 v\u00fdvodky AGRO Pflitsch Hugro , nerezov\u00e9 v\u00fdvodky EMC v\u00fdvodky ATEX v\u00fdvodky BIMED v\u00fdvodky, Agro, Flexa\" \/>\n<meta property=\"og:url\" content=\"https:\/\/felekov.sk\/?page_id=313\" \/>\n<meta property=\"og:site_name\" content=\"felekov.sk\" \/>\n<meta property=\"article:modified_time\" content=\"2023-03-12T20:48:21+00:00\" \/>\n<meta name=\"twitter:card\" content=\"summary_large_image\" \/>\n<meta name=\"twitter:label1\" content=\"Predpokladan\u00fd \u010das \u010d\u00edtania\" \/>\n\t<meta name=\"twitter:data1\" content=\"1 min\u00fata\" \/>\n<script type=\"application\/ld+json\" class=\"yoast-schema-graph\">{\"@context\":\"https:\/\/schema.org\",\"@graph\":[{\"@type\":\"WebPage\",\"@id\":\"https:\/\/felekov.sk\/?page_id=313\",\"url\":\"https:\/\/felekov.sk\/?page_id=313\",\"name\":\"V\u00fdvodky - felekov.sk %\",\"isPartOf\":{\"@id\":\"https:\/\/felekov.sk\/#website\"},\"datePublished\":\"2023-03-12T19:32:54+00:00\",\"dateModified\":\"2023-03-12T20:48:21+00:00\",\"description\":\"vyvodky-2, AlSi 304 v\u00fdvodky Alsi 316 v\u00fdvodky AGRO Pflitsch Hugro , nerezov\u00e9 v\u00fdvodky EMC v\u00fdvodky ATEX v\u00fdvodky BIMED v\u00fdvodky, Agro, Flexa\",\"breadcrumb\":{\"@id\":\"https:\/\/felekov.sk\/?page_id=313#breadcrumb\"},\"inLanguage\":\"sk-SK\",\"potentialAction\":[{\"@type\":\"ReadAction\",\"target\":[\"https:\/\/felekov.sk\/?page_id=313\"]}]},{\"@type\":\"BreadcrumbList\",\"@id\":\"https:\/\/felekov.sk\/?page_id=313#breadcrumb\",\"itemListElement\":[{\"@type\":\"ListItem\",\"position\":1,\"name\":\"Home\",\"item\":\"https:\/\/felekov.sk\/\"},{\"@type\":\"ListItem\",\"position\":2,\"name\":\"Produkty\",\"item\":\"https:\/\/felekov.sk\/\"},{\"@type\":\"ListItem\",\"position\":3,\"name\":\"V\u00fdvodky\"}]},{\"@type\":\"WebSite\",\"@id\":\"https:\/\/felekov.sk\/#website\",\"url\":\"https:\/\/felekov.sk\/\",\"name\":\"felekov.sk\",\"description\":\"\",\"potentialAction\":[{\"@type\":\"SearchAction\",\"target\":{\"@type\":\"EntryPoint\",\"urlTemplate\":\"https:\/\/felekov.sk\/?s={search_term_string}\"},\"query-input\":\"required name=search_term_string\"}],\"inLanguage\":\"sk-SK\"}]}<\/script>\n<!-- \/ Yoast SEO plugin. -->","yoast_head_json":{"title":"V\u00fdvodky - felekov.sk %","description":"vyvodky-2, AlSi 304 v\u00fdvodky Alsi 316 v\u00fdvodky AGRO Pflitsch Hugro , nerezov\u00e9 v\u00fdvodky EMC v\u00fdvodky ATEX v\u00fdvodky BIMED v\u00fdvodky, Agro, Flexa","robots":{"index":"index","follow":"follow","max-snippet":"max-snippet:-1","max-image-preview":"max-image-preview:large","max-video-preview":"max-video-preview:-1"},"canonical":"https:\/\/felekov.sk\/?page_id=313","og_locale":"sk_SK","og_type":"article","og_title":"V\u00fdvodky - felekov.sk %","og_description":"vyvodky-2, AlSi 304 v\u00fdvodky Alsi 316 v\u00fdvodky AGRO Pflitsch Hugro , nerezov\u00e9 v\u00fdvodky EMC v\u00fdvodky ATEX v\u00fdvodky BIMED v\u00fdvodky, Agro, Flexa","og_url":"https:\/\/felekov.sk\/?page_id=313","og_site_name":"felekov.sk","article_modified_time":"2023-03-12T20:48:21+00:00","twitter_card":"summary_large_image","twitter_misc":{"Predpokladan\u00fd \u010das \u010d\u00edtania":"1 min\u00fata"},"schema":{"@context":"https:\/\/schema.org","@graph":[{"@type":"WebPage","@id":"https:\/\/felekov.sk\/?page_id=313","url":"https:\/\/felekov.sk\/?page_id=313","name":"V\u00fdvodky - felekov.sk %","isPartOf":{"@id":"https:\/\/felekov.sk\/#website"},"datePublished":"2023-03-12T19:32:54+00:00","dateModified":"2023-03-12T20:48:21+00:00","description":"vyvodky-2, AlSi 304 v\u00fdvodky Alsi 316 v\u00fdvodky AGRO Pflitsch Hugro , nerezov\u00e9 v\u00fdvodky EMC v\u00fdvodky ATEX v\u00fdvodky BIMED v\u00fdvodky, Agro, Flexa","breadcrumb":{"@id":"https:\/\/felekov.sk\/?page_id=313#breadcrumb"},"inLanguage":"sk-SK","potentialAction":[{"@type":"ReadAction","target":["https:\/\/felekov.sk\/?page_id=313"]}]},{"@type":"BreadcrumbList","@id":"https:\/\/felekov.sk\/?page_id=313#breadcrumb","itemListElement":[{"@type":"ListItem","position":1,"name":"Home","item":"https:\/\/felekov.sk\/"},{"@type":"ListItem","position":2,"name":"Produkty","item":"https:\/\/felekov.sk\/"},{"@type":"ListItem","position":3,"name":"V\u00fdvodky"}]},{"@type":"WebSite","@id":"https:\/\/felekov.sk\/#website","url":"https:\/\/felekov.sk\/","name":"felekov.sk","description":"","potentialAction":[{"@type":"SearchAction","target":{"@type":"EntryPoint","urlTemplate":"https:\/\/felekov.sk\/?s={search_term_string}"},"query-input":"required name=search_term_string"}],"inLanguage":"sk-SK"}]}},"_links":{"self":[{"href":"https:\/\/felekov.sk\/index.php?rest_route=\/wp\/v2\/pages\/313"}],"collection":[{"href":"https:\/\/felekov.sk\/index.php?rest_route=\/wp\/v2\/pages"}],"about":[{"href":"https:\/\/felekov.sk\/index.php?rest_route=\/wp\/v2\/types\/page"}],"author":[{"embeddable":true,"href":"https:\/\/felekov.sk\/index.php?rest_route=\/wp\/v2\/users\/1"}],"replies":[{"embeddable":true,"href":"https:\/\/felekov.sk\/index.php?rest_route=%2Fwp%2Fv2%2Fcomments&post=313"}],"version-history":[{"count":5,"href":"https:\/\/felekov.sk\/index.php?rest_route=\/wp\/v2\/pages\/313\/revisions"}],"predecessor-version":[{"id":340,"href":"https:\/\/felekov.sk\/index.php?rest_route=\/wp\/v2\/pages\/313\/revisions\/340"}],"up":[{"embeddable":true,"href":"https:\/\/felekov.sk\/index.php?rest_route=\/wp\/v2\/pages\/10"}],"wp:attachment":[{"href":"https:\/\/felekov.sk\/index.php?rest_route=%2Fwp%2Fv2%2Fmedia&parent=313"}],"curies":[{"name":"wp","href":"https:\/\/api.w.org\/{rel}","templated":true}]}}