{"id":5,"date":"2018-03-21T19:13:36","date_gmt":"2018-03-21T18:13:36","guid":{"rendered":"http:\/\/felekov.sk\/?page_id=5"},"modified":"2019-01-30T00:33:21","modified_gmt":"2019-01-29T23:33:21","slug":"o-nas","status":"publish","type":"page","link":"https:\/\/felekov.sk\/?page_id=5","title":{"rendered":"O n\u00e1s"},"content":{"rendered":"<p>V\u00e1\u017een\u00ed obchodn\u00ed partneri,<\/p>\n<p>\u0161pecializujeme se na dod\u00e1vku elektroin\u0161tala\u010dn\u00e9ho materi\u00e1lu . V na\u0161ej ponuke n\u00e1jdete v\u0161etko, \u010do je potreba k priemyselnej elektroin\u0161tal\u00e1cii, od k\u00e1blov pre v\u0161etky aplik\u00e1cie a pou\u017eitia, cez istiace prvky, vyp\u00edna\u010de a\u017e po rozv\u00e1dza\u010dov\u00e9 skrine a boxy.<\/p>\n<p>Disponujeme vlastn\u00fdm skladom, ktor\u00fd je optimalizovan\u00fd pravidelne pod\u013ea potrieb na\u0161\u00edch z\u00e1kazn\u00edkov.<\/p>\n<p>Spolupracujeme priamo s v\u00fdrobcami, preto sme schopn\u00ed poskytn\u00fa\u0165 v\u00fdhodn\u00e9 ceny a kr\u00e1tke dodacie term\u00edny.<\/p>\n<p>Na\u0161ou snahou je pon\u00faknu\u0165 z\u00e1kazn\u00edkovi spolupr\u00e1cu, ktor\u00e1 mu prinesie v\u00fdhodu.<\/p>\n<p>Cena, dodac\u00ed term\u00edn a f\u00e9rovost s\u00fa na\u0161e siln\u00e9 str\u00e1nky.<\/p>\n","protected":false},"excerpt":{"rendered":"<p>V\u00e1\u017een\u00ed obchodn\u00ed partneri, \u0161pecializujeme se na dod\u00e1vku elektroin\u0161tala\u010dn\u00e9ho materi\u00e1lu . V na\u0161ej ponuke n\u00e1jdete v\u0161etko, \u010do je potreba k priemyselnej elektroin\u0161tal\u00e1cii, od k\u00e1blov pre v\u0161etky aplik\u00e1cie a pou\u017eitia, cez istiace prvky, vyp\u00edna\u010de a\u017e po rozv\u00e1dza\u010dov\u00e9 skrine a boxy. Disponujeme vlastn\u00fdm skladom, ktor\u00fd je optimalizovan\u00fd pravidelne pod\u013ea potrieb na\u0161\u00edch z\u00e1kazn\u00edkov. Spolupracujeme priamo s v\u00fdrobcami, preto sme [&hellip;]<\/p>\n","protected":false},"author":1,"featured_media":0,"parent":0,"menu_order":0,"comment_status":"closed","ping_status":"closed","template":"","meta":{"_monsterinsights_skip_tracking":false,"_monsterinsights_sitenote_active":false,"_monsterinsights_sitenote_note":"","_monsterinsights_sitenote_category":0,"footnotes":""},"class_list":["post-5","page","type-page","status-publish","hentry"],"yoast_head":"<!-- This site is optimized with the Yoast SEO plugin v23.3 - https:\/\/yoast.com\/wordpress\/plugins\/seo\/ -->\n<title>O n\u00e1s - felekov.sk<\/title>\n<meta name=\"robots\" content=\"index, follow, max-snippet:-1, max-image-preview:large, max-video-preview:-1\" \/>\n<link rel=\"canonical\" href=\"https:\/\/felekov.sk\/?page_id=5\" \/>\n<meta property=\"og:locale\" content=\"sk_SK\" \/>\n<meta property=\"og:type\" content=\"article\" \/>\n<meta property=\"og:title\" content=\"O n\u00e1s - felekov.sk\" \/>\n<meta property=\"og:description\" content=\"V\u00e1\u017een\u00ed obchodn\u00ed partneri, \u0161pecializujeme se na dod\u00e1vku elektroin\u0161tala\u010dn\u00e9ho materi\u00e1lu . V na\u0161ej ponuke n\u00e1jdete v\u0161etko, \u010do je potreba k priemyselnej elektroin\u0161tal\u00e1cii, od k\u00e1blov pre v\u0161etky aplik\u00e1cie a pou\u017eitia, cez istiace prvky, vyp\u00edna\u010de a\u017e po rozv\u00e1dza\u010dov\u00e9 skrine a boxy. Disponujeme vlastn\u00fdm skladom, ktor\u00fd je optimalizovan\u00fd pravidelne pod\u013ea potrieb na\u0161\u00edch z\u00e1kazn\u00edkov. Spolupracujeme priamo s v\u00fdrobcami, preto sme [&hellip;]\" \/>\n<meta property=\"og:url\" content=\"https:\/\/felekov.sk\/?page_id=5\" \/>\n<meta property=\"og:site_name\" content=\"felekov.sk\" \/>\n<meta property=\"article:modified_time\" content=\"2019-01-29T23:33:21+00:00\" \/>\n<meta name=\"twitter:card\" content=\"summary_large_image\" \/>\n<meta name=\"twitter:label1\" content=\"Predpokladan\u00fd \u010das \u010d\u00edtania\" \/>\n\t<meta name=\"twitter:data1\" content=\"1 min\u00fata\" \/>\n<script type=\"application\/ld+json\" class=\"yoast-schema-graph\">{\"@context\":\"https:\/\/schema.org\",\"@graph\":[{\"@type\":\"WebPage\",\"@id\":\"https:\/\/felekov.sk\/?page_id=5\",\"url\":\"https:\/\/felekov.sk\/?page_id=5\",\"name\":\"O n\u00e1s - felekov.sk\",\"isPartOf\":{\"@id\":\"https:\/\/felekov.sk\/#website\"},\"datePublished\":\"2018-03-21T18:13:36+00:00\",\"dateModified\":\"2019-01-29T23:33:21+00:00\",\"breadcrumb\":{\"@id\":\"https:\/\/felekov.sk\/?page_id=5#breadcrumb\"},\"inLanguage\":\"sk-SK\",\"potentialAction\":[{\"@type\":\"ReadAction\",\"target\":[\"https:\/\/felekov.sk\/?page_id=5\"]}]},{\"@type\":\"BreadcrumbList\",\"@id\":\"https:\/\/felekov.sk\/?page_id=5#breadcrumb\",\"itemListElement\":[{\"@type\":\"ListItem\",\"position\":1,\"name\":\"Home\",\"item\":\"https:\/\/felekov.sk\/\"},{\"@type\":\"ListItem\",\"position\":2,\"name\":\"O n\u00e1s\"}]},{\"@type\":\"WebSite\",\"@id\":\"https:\/\/felekov.sk\/#website\",\"url\":\"https:\/\/felekov.sk\/\",\"name\":\"felekov.sk\",\"description\":\"\",\"potentialAction\":[{\"@type\":\"SearchAction\",\"target\":{\"@type\":\"EntryPoint\",\"urlTemplate\":\"https:\/\/felekov.sk\/?s={search_term_string}\"},\"query-input\":\"required name=search_term_string\"}],\"inLanguage\":\"sk-SK\"}]}<\/script>\n<!-- \/ Yoast SEO plugin. -->","yoast_head_json":{"title":"O n\u00e1s - felekov.sk","robots":{"index":"index","follow":"follow","max-snippet":"max-snippet:-1","max-image-preview":"max-image-preview:large","max-video-preview":"max-video-preview:-1"},"canonical":"https:\/\/felekov.sk\/?page_id=5","og_locale":"sk_SK","og_type":"article","og_title":"O n\u00e1s - felekov.sk","og_description":"V\u00e1\u017een\u00ed obchodn\u00ed partneri, \u0161pecializujeme se na dod\u00e1vku elektroin\u0161tala\u010dn\u00e9ho materi\u00e1lu . V na\u0161ej ponuke n\u00e1jdete v\u0161etko, \u010do je potreba k priemyselnej elektroin\u0161tal\u00e1cii, od k\u00e1blov pre v\u0161etky aplik\u00e1cie a pou\u017eitia, cez istiace prvky, vyp\u00edna\u010de a\u017e po rozv\u00e1dza\u010dov\u00e9 skrine a boxy. Disponujeme vlastn\u00fdm skladom, ktor\u00fd je optimalizovan\u00fd pravidelne pod\u013ea potrieb na\u0161\u00edch z\u00e1kazn\u00edkov. Spolupracujeme priamo s v\u00fdrobcami, preto sme [&hellip;]","og_url":"https:\/\/felekov.sk\/?page_id=5","og_site_name":"felekov.sk","article_modified_time":"2019-01-29T23:33:21+00:00","twitter_card":"summary_large_image","twitter_misc":{"Predpokladan\u00fd \u010das \u010d\u00edtania":"1 min\u00fata"},"schema":{"@context":"https:\/\/schema.org","@graph":[{"@type":"WebPage","@id":"https:\/\/felekov.sk\/?page_id=5","url":"https:\/\/felekov.sk\/?page_id=5","name":"O n\u00e1s - felekov.sk","isPartOf":{"@id":"https:\/\/felekov.sk\/#website"},"datePublished":"2018-03-21T18:13:36+00:00","dateModified":"2019-01-29T23:33:21+00:00","breadcrumb":{"@id":"https:\/\/felekov.sk\/?page_id=5#breadcrumb"},"inLanguage":"sk-SK","potentialAction":[{"@type":"ReadAction","target":["https:\/\/felekov.sk\/?page_id=5"]}]},{"@type":"BreadcrumbList","@id":"https:\/\/felekov.sk\/?page_id=5#breadcrumb","itemListElement":[{"@type":"ListItem","position":1,"name":"Home","item":"https:\/\/felekov.sk\/"},{"@type":"ListItem","position":2,"name":"O n\u00e1s"}]},{"@type":"WebSite","@id":"https:\/\/felekov.sk\/#website","url":"https:\/\/felekov.sk\/","name":"felekov.sk","description":"","potentialAction":[{"@type":"SearchAction","target":{"@type":"EntryPoint","urlTemplate":"https:\/\/felekov.sk\/?s={search_term_string}"},"query-input":"required name=search_term_string"}],"inLanguage":"sk-SK"}]}},"_links":{"self":[{"href":"https:\/\/felekov.sk\/index.php?rest_route=\/wp\/v2\/pages\/5"}],"collection":[{"href":"https:\/\/felekov.sk\/index.php?rest_route=\/wp\/v2\/pages"}],"about":[{"href":"https:\/\/felekov.sk\/index.php?rest_route=\/wp\/v2\/types\/page"}],"author":[{"embeddable":true,"href":"https:\/\/felekov.sk\/index.php?rest_route=\/wp\/v2\/users\/1"}],"replies":[{"embeddable":true,"href":"https:\/\/felekov.sk\/index.php?rest_route=%2Fwp%2Fv2%2Fcomments&post=5"}],"version-history":[{"count":4,"href":"https:\/\/felekov.sk\/index.php?rest_route=\/wp\/v2\/pages\/5\/revisions"}],"predecessor-version":[{"id":181,"href":"https:\/\/felekov.sk\/index.php?rest_route=\/wp\/v2\/pages\/5\/revisions\/181"}],"wp:attachment":[{"href":"https:\/\/felekov.sk\/index.php?rest_route=%2Fwp%2Fv2%2Fmedia&parent=5"}],"curies":[{"name":"wp","href":"https:\/\/api.w.org\/{rel}","templated":true}]}}